{"id":2702,"date":"2025-04-17T13:27:31","date_gmt":"2025-04-17T11:27:31","guid":{"rendered":"https:\/\/atelierphotoriomois.fr\/?page_id=2702"},"modified":"2025-04-17T13:27:32","modified_gmt":"2025-04-17T11:27:32","slug":"theme-geometrie","status":"publish","type":"page","link":"https:\/\/atelierphotoriomois.fr\/index.php\/theme-geometrie\/","title":{"rendered":"Th\u00e8me g\u00e9om\u00e9trie"},"content":{"rendered":"\n<div class=\"wp-block-ftg-gallery\"><pre style='font-size:10px'>Final Tiles Gallery id=49 does not exist<\/pre><\/div>\n","protected":false},"excerpt":{"rendered":"","protected":false},"author":10,"featured_media":0,"parent":0,"menu_order":0,"comment_status":"closed","ping_status":"closed","template":"","meta":{"footnotes":""},"class_list":["post-2702","page","type-page","status-publish","hentry"],"_links":{"self":[{"href":"https:\/\/atelierphotoriomois.fr\/index.php\/wp-json\/wp\/v2\/pages\/2702","targetHints":{"allow":["GET"]}}],"collection":[{"href":"https:\/\/atelierphotoriomois.fr\/index.php\/wp-json\/wp\/v2\/pages"}],"about":[{"href":"https:\/\/atelierphotoriomois.fr\/index.php\/wp-json\/wp\/v2\/types\/page"}],"author":[{"embeddable":true,"href":"https:\/\/atelierphotoriomois.fr\/index.php\/wp-json\/wp\/v2\/users\/10"}],"replies":[{"embeddable":true,"href":"https:\/\/atelierphotoriomois.fr\/index.php\/wp-json\/wp\/v2\/comments?post=2702"}],"version-history":[{"count":1,"href":"https:\/\/atelierphotoriomois.fr\/index.php\/wp-json\/wp\/v2\/pages\/2702\/revisions"}],"predecessor-version":[{"id":2703,"href":"https:\/\/atelierphotoriomois.fr\/index.php\/wp-json\/wp\/v2\/pages\/2702\/revisions\/2703"}],"wp:attachment":[{"href":"https:\/\/atelierphotoriomois.fr\/index.php\/wp-json\/wp\/v2\/media?parent=2702"}],"curies":[{"name":"wp","href":"https:\/\/api.w.org\/{rel}","templated":true}]}}